{"id":29,"date":"2017-06-02T02:19:38","date_gmt":"2017-06-02T02:19:38","guid":{"rendered":"http:\/\/acouvibratic.com\/?page_id=29"},"modified":"2017-08-04T01:57:30","modified_gmt":"2017-08-04T01:57:30","slug":"home","status":"publish","type":"page","link":"https:\/\/acouvibratic.com\/","title":{"rendered":"Home"},"content":{"rendered":"<p>[vc_row full_width=&#8221;stretch_row_content_no_spaces&#8221;][vc_column][rev_slider_vc alias=&#8221;acouvibratic-slider&#8221;][\/vc_column][\/vc_row][vc_row row_margin=&#8221;zo-vc-row-margin-03&#8243;][vc_column width=&#8221;1\/2&#8243;][zo_fancybox_single icon_type=&#8221;upload&#8221; icon_align=&#8221;center&#8221; title_item=&#8221;Construction&#8221; title_element=&#8221;h5&#8243; title_align=&#8221;center&#8221; content_align=&#8221;center&#8221; link_content=&#8221;yes&#8221; link_align=&#8221;center&#8221; image=&#8221;88&#8243; zo_template=&#8221;zo_fancybox_single&#8211;services.php&#8221; content_item=&#8221;Pr\u00e9sentation des solutions Acouvibratic dans le domaine de la construction en g\u00e9n\u00e9ral&#8221; link=&#8221;url:%23|title:En%20savoir%20plus||&#8221;][\/vc_column][vc_column width=&#8221;1\/2&#8243;][zo_fancybox_single icon_type=&#8221;upload&#8221; title_item=&#8221;Industrie | Eclairage public | Mobilier urbain&#8221; title_element=&#8221;h5&#8243; title_align=&#8221;center&#8221; content_align=&#8221;center&#8221; link_content=&#8221;yes&#8221; link_align=&#8221;center&#8221; image=&#8221;89&#8243; content_item=&#8221;Pr\u00e9sentation des solutions Acouvibratic dans le domaine de l&#8217;industrie, de l&#8217;\u00e9clairage public, et du mobilier urbain&#8221; zo_template=&#8221;zo_fancybox_single&#8211;services.php&#8221; link=&#8221;url:%23|title:En%20savoir%20plus||&#8221;][\/vc_column][\/vc_row][vc_row row_padding=&#8221;zo-vc-row-padding-03&#8243; css=&#8221;.vc_custom_1498644249952{padding-bottom: 45px !important;background-image: url(http:\/\/acouvibratic.com\/wp-content\/uploads\/2017\/06\/vicin-partend-bg.jpg?id=179) !important;}&#8221;][vc_column][zo_heading text=&#8221;Nos projets&#8221; align=&#8221;center&#8221; zo_template=&#8221;zo_heading.php&#8221;][\/vc_column][\/vc_row][vc_row full_width=&#8221;stretch_row_content_no_spaces&#8221;][vc_column][zo_carousel xsmall_items=&#8221;1&#8243; small_items=&#8221;2&#8243; medium_items=&#8221;3&#8243; large_items=&#8221;4&#8243; image_size=&#8221;custom&#8221; image_width=&#8221;740&#8243; image_height=&#8221;500&#8243; title_element=&#8221;h5&#8243; title_link=&#8221;1&#8243; loop=&#8221;1&#8243; mousedrag=&#8221;1&#8243; touchdrag=&#8221;1&#8243; nav=&#8221;0&#8243; dots=&#8221;0&#8243; custom_dots=&#8221;0&#8243; center=&#8221;0&#8243; autoplay=&#8221;1&#8243; source=&#8221;size:10|order_by:date|post_type:project|tags:24&#8243; zo_template=&#8221;zo_carousel&#8211;project.php&#8221;][\/vc_column][\/vc_row][vc_row row_padding=&#8221;zo-vc-row-padding-03&#8243; css=&#8221;.vc_custom_1498644267800{padding-bottom: 45px !important;}&#8221;][vc_column][zo_heading text=&#8221;Pourquoi choisir Acouvibratic&#8221; align=&#8221;center&#8221; zo_template=&#8221;zo_heading.php&#8221;][\/vc_column][\/vc_row][vc_row equal_height=&#8221;yes&#8221; content_placement=&#8221;middle&#8221; css=&#8221;.vc_custom_1496824555145{padding-top: 0px !important;padding-bottom: 15px !important;}&#8221;][vc_column width=&#8221;1\/2&#8243; css=&#8221;.vc_custom_1496824563971{padding-bottom: 40px !important;}&#8221;][vc_single_image image=&#8221;109&#8243; img_size=&#8221;full&#8221;][\/vc_column][vc_column css_animation=&#8221;fadeInRight&#8221; width=&#8221;1\/2&#8243; offset=&#8221;vc_col-lg-offset-1 vc_col-lg-5 vc_col-md-offset-1 vc_col-md-5&#8243; css=&#8221;.vc_custom_1498442434207{padding-bottom: 40px !important;}&#8221;][zo_fancybox_single icon_fontawesome=&#8221;fa fa-thumbs-o-up&#8221; icon_font_size=&#8221;30&#8243; title_item=&#8221;Fiabilit\u00e9&#8221; title_element=&#8221;h5&#8243; content_item=&#8221;Les \u00e9quipes d&#8217;Acouvibratic ont plus de 30 ans d\u2019exp\u00e9rience dont 20 dans la commercialisation des produits antivibratoires destin\u00e9s au contr\u00f4le des bruits et vibrations dans la construction en g\u00e9n\u00e9ral, les voies ferr\u00e9es, l\u2019industrie, l&#8217;\u00e9clairage public et le mobilier urbain&#8221; zo_template=&#8221;zo_fancybox_single.php&#8221;][vc_empty_space height=&#8221;40px&#8221;][zo_fancybox_single icon_fontawesome=&#8221;fa fa-clock-o&#8221; icon_font_size=&#8221;30&#8243; title_item=&#8221;Expertise&#8221; title_element=&#8221;h5&#8243; content_item=&#8221;Les solutions propos\u00e9es par Acouvibratic sont optimis\u00e9es et p\u00e9rennes, et utilisent des produits de qualit\u00e9 et pour certains \u00e9cologiques (issus de la fili\u00e8re recyclage\/revalorisation des pneus usag\u00e9s)&#8221; zo_template=&#8221;zo_fancybox_single.php&#8221;][vc_empty_space height=&#8221;40px&#8221;][zo_fancybox_single icon_fontawesome=&#8221;fa fa-diamond&#8221; icon_font_size=&#8221;30&#8243; title_item=&#8221;Qualit\u00e9&#8221; title_element=&#8221;h5&#8243; content_item=&#8221;La qualit\u00e9 des prestations d&#8217;Acouvibratic sont assur\u00e9es par des contacts directs et suivis avec les principaux donneurs d\u2019ordre, ainsi que par la pr\u00e9sence en amont, pendant les premi\u00e8res poses, et une assistance technique sur place et \/ou \u00e0 distance.<br \/>\nFlexibilit\u00e9, r\u00e9activit\u00e9, proximit\u00e9 avec les clients sont nos principaux engagements&#8221; zo_template=&#8221;zo_fancybox_single.php&#8221;][\/vc_column][\/vc_row][vc_row equal_height=&#8221;yes&#8221; content_placement=&#8221;middle&#8221; css=&#8221;.vc_custom_1496808005084{background-image: url(http:\/\/acouvibratic.com\/wp-content\/uploads\/2017\/06\/vicin-partend-bg.jpg?id=179) !important;}&#8221; el_class=&#8221;vicin-row-replace-background vicin-row-boxshadow&#8221;][vc_column css_animation=&#8221;fadeInLeft&#8221; width=&#8221;1\/2&#8243; css=&#8221;.vc_custom_1498442466224{padding-top: 90px !important;padding-bottom: 50px !important;}&#8221;][zo_heading text=&#8221;Contactez-nous&#8221; is_sub=&#8221;yes&#8221; sub_text=&#8221;Nous sommes \u00e0 votre disposition pour \u00e9tudier tous vos projets&#8221; sub_element=&#8221;h6&#8243; zo_template=&#8221;zo_heading&#8211;style02.php&#8221;][vc_empty_space height=&#8221;40px&#8221;][zo_button text=&#8221;Contactez-nous&#8221; align=&#8221;left&#8221; padding_top=&#8221;12&#8243; padding_right=&#8221;35&#8243; padding_bottom=&#8221;12&#8243; padding_left=&#8221;35&#8243; button_style=&#8221;primary&#8221; button_size=&#8221;small&#8221; font_weight=&#8221;700&#8243; radius=&#8221;3&#8243; zo_template=&#8221;zo_button.php&#8221; link=&#8221;url:%23|||&#8221;][\/vc_column][vc_column width=&#8221;1\/2&#8243; offset=&#8221;vc_col-lg-offset-1 vc_col-lg-5&#8243;][vc_single_image image=&#8221;156&#8243; img_size=&#8221;full&#8221;][\/vc_column][\/vc_row][vc_row row_padding=&#8221;zo-vc-row-padding-03&#8243; el_class=&#8221;vicin-heading-row-blog&#8221; css=&#8221;.vc_custom_1498644280654{padding-bottom: 35px !important;}&#8221;][vc_column][zo_heading text=&#8221;Derni\u00e8res publications&#8221; align=&#8221;center&#8221; zo_template=&#8221;zo_heading.php&#8221;][\/vc_column][\/vc_row][vc_row css=&#8221;.vc_custom_1496825213875{padding-bottom: 40px !important;}&#8221;][vc_column][zo_grid grid_width=&#8221;true&#8221; col_xs=&#8221;1&#8243; col_sm=&#8221;2&#8243; col_md=&#8221;3&#8243; col_lg=&#8221;3&#8243; image_size=&#8221;custom&#8221; image_width=&#8221;740&#8243; image_height=&#8221;480&#8243; display_pagination=&#8221;&#8221; title_element=&#8221;h6&#8243; title_link=&#8221;1&#8243; source=&#8221;size:3|order_by:date|order:ASC|post_type:post&#8221; zo_template=&#8221;zo_grid&#8211;post.php&#8221;][\/vc_column][\/vc_row][vc_row overlay_row=&#8221;yes&#8221; background_position=&#8221;center center&#8221; background_attachment=&#8221;fixed&#8221; row_padding=&#8221;zo-vc-row-padding-02&#8243; css=&#8221;.vc_custom_1497583880620{padding-bottom: 70px !important;background-image: url(http:\/\/acouvibratic.com\/wp-content\/uploads\/2017\/06\/vicin-bg-parallax-03.jpg?id=259) !important;background-position: center !important;background-repeat: no-repeat !important;background-size: cover !important;}&#8221; zo_overlay_color=&#8221;rgba(37,37,37,0.8)&#8221;][vc_column][zo_carousel xsmall_items=&#8221;1&#8243; small_items=&#8221;1&#8243; medium_items=&#8221;1&#8243; large_items=&#8221;1&#8243; image_size=&#8221;full&#8221; title_element=&#8221;h6&#8243; title_link=&#8221;1&#8243; loop=&#8221;1&#8243; mousedrag=&#8221;1&#8243; touchdrag=&#8221;1&#8243; nav=&#8221;1&#8243; dots=&#8221;1&#8243; custom_dots=&#8221;0&#8243; center=&#8221;0&#8243; autoplay=&#8221;1&#8243; left_arrow=&#8221;fa fa-angle-left&#8221; right_arrow=&#8221;fa fa-angle-right&#8221; class=&#8221;style-light&#8221; source=&#8221;size:3|order_by:date|post_type:testimonial&#8221; zo_template=&#8221;zo_carousel&#8211;testimonial.php&#8221;][\/vc_column][\/vc_row][vc_row css=&#8221;.vc_custom_1496803894079{padding-top: 40px !important;padding-bottom: 40px !important;}&#8221;][vc_column][zo_carousel xsmall_items=&#8221;2&#8243; small_items=&#8221;3&#8243; medium_items=&#8221;4&#8243; large_items=&#8221;5&#8243; image_size=&#8221;full&#8221; title_link=&#8221;1&#8243; loop=&#8221;1&#8243; mousedrag=&#8221;0&#8243; touchdrag=&#8221;0&#8243; nav=&#8221;0&#8243; dots=&#8221;0&#8243; custom_dots=&#8221;0&#8243; center=&#8221;0&#8243; autoplay=&#8221;1&#8243; smartspeed=&#8221;1300&#8243; source=&#8221;size:6|order_by:date|post_type:client&#8221; zo_template=&#8221;zo_carousel&#8211;client.php&#8221;][\/vc_column][\/vc_row]<\/p>\n","protected":false},"excerpt":{"rendered":"<p>[vc_row full_width=&#8221;stretch_row_content_no_spaces&#8221;][vc_column][rev_slider_vc alias=&#8221;acouvibratic-slider&#8221;][\/vc_column][\/vc_row][vc_row row_margin=&#8221;zo-vc-row-margin-03&#8243;][vc_column width=&#8221;1\/2&#8243;][zo_fancybox_single icon_type=&#8221;upload&#8221; icon_align=&#8221;center&#8221; title_item=&#8221;Construction&#8221; title_element=&#8221;h5&#8243; title_align=&#8221;center&#8221; content_align=&#8221;center&#8221; link_content=&#8221;yes&#8221; link_align=&#8221;center&#8221; image=&#8221;88&#8243; zo_template=&#8221;zo_fancybox_single&#8211;services.php&#8221; content_item=&#8221;Pr\u00e9sentation des solutions Acouvibratic dans le domaine de la construction en g\u00e9n\u00e9ral&#8221; link=&#8221;url:%23|title:En%20savoir%20plus||&#8221;][\/vc_column][vc_column width=&#8221;1\/2&#8243;][zo_fancybox_single icon_type=&#8221;upload&#8221;&#8230;<\/p>\n","protected":false},"author":1,"featured_media":0,"parent":0,"menu_order":0,"comment_status":"closed","ping_status":"closed","template":"","meta":[],"_links":{"self":[{"href":"https:\/\/acouvibratic.com\/index.php?rest_route=\/wp\/v2\/pages\/29"}],"collection":[{"href":"https:\/\/acouvibratic.com\/index.php?rest_route=\/wp\/v2\/pages"}],"about":[{"href":"https:\/\/acouvibratic.com\/index.php?rest_route=\/wp\/v2\/types\/page"}],"author":[{"embeddable":true,"href":"https:\/\/acouvibratic.com\/index.php?rest_route=\/wp\/v2\/users\/1"}],"replies":[{"embeddable":true,"href":"https:\/\/acouvibratic.com\/index.php?rest_route=%2Fwp%2Fv2%2Fcomments&post=29"}],"version-history":[{"count":166,"href":"https:\/\/acouvibratic.com\/index.php?rest_route=\/wp\/v2\/pages\/29\/revisions"}],"predecessor-version":[{"id":1014,"href":"https:\/\/acouvibratic.com\/index.php?rest_route=\/wp\/v2\/pages\/29\/revisions\/1014"}],"wp:attachment":[{"href":"https:\/\/acouvibratic.com\/index.php?rest_route=%2Fwp%2Fv2%2Fmedia&parent=29"}],"curies":[{"name":"wp","href":"https:\/\/api.w.org\/{rel}","templated":true}]}}